{"id":1128,"date":"2021-05-28T13:42:49","date_gmt":"2021-05-28T13:42:49","guid":{"rendered":"http:\/\/192.168.10.124\/risc\/?page_id=1128"},"modified":"2021-11-23T14:22:48","modified_gmt":"2021-11-23T14:22:48","slug":"privacy-policy","status":"publish","type":"page","link":"https:\/\/risc2-project.eu\/?page_id=1128","title":{"rendered":"Privacy Policy"},"content":{"rendered":"<p>[vc_row full_width=&#8221;stretch_row_content_no_spaces&#8221; el_class=&#8221;default-padding blog blog_page&#8221; css=&#8221;.vc_custom_1622200234842{padding-bottom: 30px !important;}&#8221;][vc_column][vc_row_inner el_class=&#8221;container&#8221;][vc_column_inner][vc_column_text]<\/p>\n<h3><strong>Privacy policy<\/strong><\/h3>\n<p>RISC2 project is an EU project funded by the European Union\u2019s Horizon 2020 research and innovation programme. The sole responsibility for this website lies with the project consortium. The European Union is not responsible for any use that may be made of the information contained herein.<\/p>\n<p>The RISC2 project is committed to ensuring that all project activities are carried out in an ethically responsible manner. Our \u201cPrivacy Policy\u201d explains how we collect, use, disclose, and protect the information, ensuring compliance with the national and European data protection legislation applicable.<\/p>\n<p><a href=\"https:\/\/www.inesctec.pt\/en\">INESC TEC<\/a>\u00a0\u2013 Institute for Systems and Computer Engineering, Technology and Science \u2013 located at Campus da FEUP, Rua Dr. Roberto Frias, 4200 \u2013 465 Porto, Portugal, is the Institution responsible for the management and coordination of the RISC2\u2019s website, newsletter and social networks (LinkedIn and Twitter).<\/p>\n<p>For that reason, in what concerns the processing of personal data handled by INESC TEC within the execution of the RISC2 project, under the applicable data protection legislation, INESC TEC acts as Data Controller.<\/p>\n<p>Your data will be collected and processed in strict accordance with the GDPR (General Data Protection Regulation (EU) 2016\/679 of the European Parliament and of the Council of 27 April 2016 on the protection of natural persons with regard to the processing of personal data and on the free movement of such data), and other legislation applicable to the processing of personal data.<\/p>\n<p>&nbsp;<\/p>\n<h3><strong>For what purposes may the RISC2 project process an individual\u2019s personal data?<\/strong><\/h3>\n<p>\u201cPersonal data\u201d means any information relating to an identified or identifiable natural person (data subject).<\/p>\n<p>The RISC2 project collects personal data to the extent required to fulfil a specific purpose. Personal data may be collected and further processed under the RISC2 project with the following purposes:<\/p>\n<ul>\n<li>To notify users about changes to the website, updates and news on the project, communicate about upcoming events;<\/li>\n<li>To establish new partnerships and collect feedback from the project\u2019s stakeholders;<\/li>\n<li>To provide users with the access to the social networks of the project;<\/li>\n<li>To deliver and monitor newsletters or any other marketing material.<\/li>\n<\/ul>\n<p>&nbsp;<\/p>\n<p>The collected data may be shared with the funding entities and with the project\u2019s consortium for compliance with reporting, monitoring and auditing requirements.<\/p>\n<p>The RISC2 project will not share personal information with or sell it to third-party marketers.<\/p>\n<p><strong>\u00a0<\/strong><\/p>\n<h3><strong>RISC2\u2019s website<\/strong><\/h3>\n<p>INESC TEC developed the website of the RISC2 project, and is also responsible for managing it. All the partners of the project contributed to the content provided to users.<\/p>\n<p>The website collects information about users when they fill out a form, subscribe to a newsletter, aces to the project\u2019s social networks or otherwise communicate with us.<\/p>\n<p>The types of Information that website collects include:<\/p>\n<ul>\n<li>Personal data, such as a user\u2019s name, last name, country and email address;<\/li>\n<li>Information about a user\u2019s company such as the name and activity.<\/li>\n<\/ul>\n<p>&nbsp;<\/p>\n<p>When a user accesses or uses site, it automatically collects device and log information. The website collects information about the computer or mobile device the user resorts to while accessing the website, including device identifiers, mobile network information and the type of browser. The website also logs information about the user\u2019s use of the website, including access times, IP address or other standard web logs data.<\/p>\n<p>The RISC2\u2019s website uses INESC TEC as a hosting provider. This server may \u201ccollect\u201d information about web visitors by generating temporary logs that may contain the following information:<\/p>\n<ul>\n<li style=\"list-style-type: none;\">\n<ul>\n<li>Internet address (IP address) of the computer being used<\/li>\n<li>Web pages requested<\/li>\n<li>Referring web page<\/li>\n<li>Browser used<\/li>\n<li>Date and time<\/li>\n<\/ul>\n<\/li>\n<\/ul>\n<p>&nbsp;<\/p>\n<p><a href=\"https:\/\/analytics.google.com\/analytics\/web\/\">Google Analytics<\/a>, to collect information about how users interact with the site and to count website visits. This service enables the production of reports and allows improving the system\u2019s operation. No advertising cookies are collected.<\/p>\n<p>The RISC2\u2019s website may contain links to third-party external websites or tools over which the project has no control. The RISC2 project rejects any responsibility for the privacy practices or the content of external websites regardless of the link to said websites being displayed on our website.<\/p>\n<p>The website uses \u201ccookies\u201d to collect information about the browsing experience of visitors. Users may deactivate cookies at any time, yet this may affect relevant elements and the user\u2019s experience. To learn more about cookies, and how users can manage them, please visit our Cookies Policy.<\/p>\n<p>The processing of the data is performed to take the steps we deem appropriate to supply you with information related to the project described herein, in connection with your agreement or intention to use the website.<\/p>\n<p>&nbsp;<\/p>\n<h3><strong>RISC2\u2019s newsletter<\/strong><\/h3>\n<p>To subscribe to the project\u2019s newsletter, individuals have to provide the email address where they wish to receive it.<\/p>\n<p>Individuals can unsubscribe anytime by clicking on the \u2018unsubscribe\u2019 link available in the footer of each newsletter.<\/p>\n<p>The newsletter uses third-party services, namely:<\/p>\n<ul>\n<li><a href=\"https:\/\/mailchimp.com\/\">Mailchimp<\/a>, to manage email subscriber lists and send emails to subscribers. Please read their\u00a0<a href=\"https:\/\/mailchimp.com\/legal\/privacy\/\">privacy policy<\/a>.<\/li>\n<\/ul>\n<p>INESC TEC is the partner responsible for sending and monitoring the newsletter.<\/p>\n<p>&nbsp;<\/p>\n<h3><strong>RISC2\u2019s social media<\/strong><\/h3>\n<p>The RISC2 project uses the following social media channels to further disseminate its activities:\u00a0<strong><a href=\"https:\/\/www.linkedin.com\/legal\/privacy-policy\">LinkedIn<\/a><\/strong>\u00a0and\u00a0<a href=\"https:\/\/twitter.com\/en\/privacy\"><strong>Twitter<\/strong><\/a>. You should read their privacy policies before using them, clicking on the previous links.<\/p>\n<p>Users can access them through the project\u2019s website. INESC TEC is the partner responsible for its management.<\/p>\n<p>&nbsp;<\/p>\n<h3><strong>Personal data retention period<\/strong><\/h3>\n<p>The RISC2 project may process and store Personal Data for 12 months after the project has ended, considering the initial purpose for their collection. After that period, the data will be deleted even if the individual does not expressly request it, however, he may do so at any time. If the individual chooses to unsubscribe, all data regarding the individual will be deleted.<\/p>\n<p><strong>\u00a0<\/strong><\/p>\n<h3><strong>Rights of the personal data subject<\/strong><\/h3>\n<p>Following the provisions of the EU General Data Protection Regulation, individuals may exercise, at any time, their rights of access, portability, rectification, restriction, erasure, or to object, concerning their data.<\/p>\n<p>Therefore, individuals can request the project to modify or delete their personal information, unless the project is required to process such information to comply with a legal obligation, or if said information is necessary for the performance of a contract to which you are a party, or used to meet a requirement for which you have given your unambiguous consent.<\/p>\n<p>The data subject also has the right to file a complaint with a Supervisory Authority of one of EU Member-States. In Portugal, the National Supervisory Authority dedicated to supervise the compliance with personal data protection is the Comiss\u00e3o Nacional de Prote\u00e7\u00e3o de Dados (CNPD).<\/p>\n<p>&nbsp;<\/p>\n<h3><strong>Contacts<\/strong><\/h3>\n<p>Any additional queries or requests regarding the processing of your personal data can be addressed directly via email: \u00a0<a href=\"mailto:risc2-project@bsc.es\">risc2-project@bsc.es. <\/a>INESC TEC\u2019s Data Protection Officer contact is\u00a0<a href=\"mailto:dpo@inesctec.pt\"><strong>dpo@inesctec.pt<\/strong><\/a><strong>.<\/strong><\/p>\n<p>&nbsp;<\/p>\n<h3><strong>Updates<\/strong><\/h3>\n<p>INESC TEC may be required to amend this Policy, namely due to the need to adapt it to possible legal changes or to recommendations by Supervisory Authorities, which it is recommended its consultation regularly.[\/vc_column_text][\/vc_column_inner][\/vc_row_inner][\/vc_column][\/vc_row][vc_row full_width=&#8221;stretch_row_content_no_spaces&#8221; css=&#8221;.vc_custom_1622130356131{padding-top: 80px !important;padding-bottom: 80px !important;background: #f2f2f2 url(https:\/\/www.risc2-project.eu\/wp-content\/uploads\/2021\/05\/bg-cta.svg?id=1027) !important;background-position: center !important;background-repeat: no-repeat !important;background-size: contain !important;}&#8221; el_class=&#8221;bg-right&#8221;][vc_column][vc_row_inner content_placement=&#8221;middle&#8221; el_class=&#8221;container&#8221;][vc_column_inner width=&#8221;8\/12&#8243;][vc_custom_heading text=&#8221;Do you want to know more about RISC2?&#8221; use_theme_fonts=&#8221;yes&#8221;][vc_column_text el_class=&#8221;w-400&#8243; css=&#8221;.vc_custom_1622199893328{margin-top: 25px !important;}&#8221;]<\/p>\n<h4 class=\"dark\">Check out more information.<\/h4>\n<p>[\/vc_column_text][\/vc_column_inner][vc_column_inner el_class=&#8221;t-center&#8221; width=&#8221;4\/12&#8243;][vc_btn title=&#8221;Go to About&#8221; style=&#8221;classic&#8221; el_class=&#8221;btn_sytle1&#8243; css=&#8221;.vc_custom_1631808848402{margin-top: 5px !important;}&#8221; link=&#8221;url:https%3A%2F%2Fwww.risc2-project.eu%2Fabout%2F|title:About&#8221;][\/vc_column_inner][\/vc_row_inner][\/vc_column][\/vc_row]<\/p>\n","protected":false},"excerpt":{"rendered":"<p>[vc_row full_width=&#8221;stretch_row_content_no_spaces&#8221; el_class=&#8221;default-padding blog blog_page&#8221; css=&#8221;.vc_custom_1622200234842{padding-bottom: 30px !important;}&#8221;][vc_column][vc_row_inner el_class=&#8221;container&#8221;][vc_column_inner][vc_column_text] Privacy policy RISC2 project is an EU project funded by the European Union\u2019s Horizon 2020 research and innovation programme. The sole responsibility for this website lies with the project consortium. The European Union is not responsible for any use that may be made of the information [&hellip;]<\/p>\n","protected":false},"author":1,"featured_media":0,"parent":0,"menu_order":0,"comment_status":"closed","ping_status":"closed","template":"page-templates\/pages.php","meta":[],"aioseo_notices":[],"_links":{"self":[{"href":"https:\/\/risc2-project.eu\/index.php?rest_route=\/wp\/v2\/pages\/1128"}],"collection":[{"href":"https:\/\/risc2-project.eu\/index.php?rest_route=\/wp\/v2\/pages"}],"about":[{"href":"https:\/\/risc2-project.eu\/index.php?rest_route=\/wp\/v2\/types\/page"}],"author":[{"embeddable":true,"href":"https:\/\/risc2-project.eu\/index.php?rest_route=\/wp\/v2\/users\/1"}],"replies":[{"embeddable":true,"href":"https:\/\/risc2-project.eu\/index.php?rest_route=%2Fwp%2Fv2%2Fcomments&post=1128"}],"version-history":[{"count":25,"href":"https:\/\/risc2-project.eu\/index.php?rest_route=\/wp\/v2\/pages\/1128\/revisions"}],"predecessor-version":[{"id":1413,"href":"https:\/\/risc2-project.eu\/index.php?rest_route=\/wp\/v2\/pages\/1128\/revisions\/1413"}],"wp:attachment":[{"href":"https:\/\/risc2-project.eu\/index.php?rest_route=%2Fwp%2Fv2%2Fmedia&parent=1128"}],"curies":[{"name":"wp","href":"https:\/\/api.w.org\/{rel}","templated":true}]}}